{"id":29087,"date":"2026-04-19T23:24:38","date_gmt":"2026-04-19T22:24:38","guid":{"rendered":"https:\/\/mbrothers.dz1.org\/?post_type=product&#038;p=29087"},"modified":"2026-04-19T23:55:47","modified_gmt":"2026-04-19T22:55:47","slug":"armoires-120-classique","status":"publish","type":"product","link":"https:\/\/mbrothers.dz1.org\/?product=armoires-120-classique","title":{"rendered":"Armoires 120 Classique"},"content":{"rendered":"\t\t<div data-elementor-type=\"wp-post\" data-elementor-id=\"29087\" class=\"elementor elementor-29087\" data-elementor-post-type=\"product\">\n\t\t\t\t<div class=\"wd-negative-gap elementor-element elementor-element-915b705 wd-section-stretch e-flex e-con-boxed e-con e-parent\" data-id=\"915b705\" data-element_type=\"container\" data-e-type=\"container\" data-settings=\"{&quot;background_background&quot;:&quot;classic&quot;}\">\n\t\t\t\t\t<div class=\"e-con-inner\">\n\t\t<div class=\"elementor-element elementor-element-964d270 text-center e-con-full e-flex e-con e-child\" data-id=\"964d270\" data-element_type=\"container\" data-e-type=\"container\">\n\t\t\t\t<div class=\"elementor-element elementor-element-bfc2e17 wd-width-100 elementor-widget elementor-widget-wd_title\" data-id=\"bfc2e17\" data-element_type=\"widget\" data-e-type=\"widget\" data-widget_type=\"wd_title.default\">\n\t\t\t\t<div class=\"elementor-widget-container\">\n\t\t\t\t\t\t\t<div class=\"title-wrapper wd-set-mb reset-last-child wd-title-color-default wd-title-style-default wd-title-size-extra-large text-center\">\n\n\t\t\t\n\t\t\t<div class=\"liner-continer\">\n\t\t\t\t<h4 class=\"woodmart-title-container title wd-fontsize-xxxl\">Meuble Colonne <br \/>\nCigar Moderne<\/h4> \n\t\t\t\t\t\t\t<\/div>\n\n\t\t\t\t\t\t\t<div class=\"title-after_title reset-last-child wd-fontsize-s\">\n\t\t\t\t\t<p>C'est Un Meubles Complimentaire D\u00e9coratif Pour Gagner Plus D'espace sans Perdre Le D\u00e9cor Et La Beaut\u00e9 De L'endroit<\/p>\t\t\t\t<\/div>\n\t\t\t\t\t<\/div>\n\t\t\t\t\t\t<\/div>\n\t\t\t\t<\/div>\n\t\t<div class=\"wd-negative-gap elementor-element elementor-element-d268e2b e-flex e-con-boxed e-con e-child\" data-id=\"d268e2b\" data-element_type=\"container\" data-e-type=\"container\">\n\t\t\t\t\t<div class=\"e-con-inner\">\n\t\t\t\t<div class=\"elementor-element elementor-element-56295cf elementor-widget__width-auto elementor-widget elementor-widget-wd_button\" data-id=\"56295cf\" data-element_type=\"widget\" data-e-type=\"widget\" data-widget_type=\"wd_button.default\">\n\t\t\t\t<div class=\"elementor-widget-container\">\n\t\t\t\t\t\t\t<div class=\"wd-button-wrapper text-center\" >\n\t\t\t<a class=\"btn btn-style-default btn-shape-rectangle btn-size-default btn-color-black btn-icon-pos-right\"  href=\"#\">\n\t\t\t\t<span class=\"wd-btn-text\" data-elementor-setting-key=\"text\">\n\t\t\t\t\tABOUT US\t\t\t\t<\/span>\n\n\t\t\t\t\t\t\t<\/a>\n\t\t<\/div>\n\t\t\t\t\t\t<\/div>\n\t\t\t\t<\/div>\n\t\t\t\t\t<\/div>\n\t\t\t\t<\/div>\n\t\t\t\t<\/div>\n\t\t<div class=\"elementor-element elementor-element-75342f2 e-con-full e-flex e-con e-child\" data-id=\"75342f2\" data-element_type=\"container\" data-e-type=\"container\">\n\t\t\t\t<div class=\"elementor-element elementor-element-5d6ff53 wd-width-100 elementor-widget elementor-widget-wd_images_gallery\" data-id=\"5d6ff53\" data-element_type=\"widget\" data-e-type=\"widget\" data-widget_type=\"wd_images_gallery.default\">\n\t\t\t\t<div class=\"elementor-widget-container\">\n\t\t\t\t\t\t\t<div class=\"wd-images-gallery photoswipe-images\" style=\"--wd-align-items:center; --wd-justify-content:center;\">\n\t\t\t\t\t\t<div class=\"wd-grid-g\" style=\"--wd-col-lg:2;--wd-col-md:2;--wd-col-sm:2;--wd-gap-lg:0px;\" >\n\t\t\t\t\t\t\t\t\t\t\t\t\t\t\t\t\t\t<div class=\"wd-gallery-item wd-col\">\n\t\t\t\t\t\t\t\t\t\t\t\t\t<a  href=\"https:\/\/mbrothers.dz1.org\/wp-content\/uploads\/2021\/08\/lounge-chair-gallery-1.jpg\" data-width=\"860\" data-height=\"688\" data-index=\"1\" data-elementor-open-lightbox=\"no\">\n\t\t\t\t\t\t\n\t\t\t\t\t\t<img loading=\"lazy\" decoding=\"async\" width=\"375\" height=\"300\" src=\"https:\/\/mbrothers.dz1.org\/wp-content\/uploads\/2021\/08\/lounge-chair-gallery-1-375x300.jpg\" class=\"attachment-375x300 size-375x300\" alt=\"lounge-chair-gallery-1\" srcset=\"https:\/\/mbrothers.dz1.org\/wp-content\/uploads\/2021\/08\/lounge-chair-gallery-1-375x300.jpg 375w, https:\/\/mbrothers.dz1.org\/wp-content\/uploads\/2021\/08\/lounge-chair-gallery-1-430x344.jpg 430w, https:\/\/mbrothers.dz1.org\/wp-content\/uploads\/2021\/08\/lounge-chair-gallery-1-150x120.jpg 150w, https:\/\/mbrothers.dz1.org\/wp-content\/uploads\/2021\/08\/lounge-chair-gallery-1-700x560.jpg 700w, https:\/\/mbrothers.dz1.org\/wp-content\/uploads\/2021\/08\/lounge-chair-gallery-1.jpg 860w\" sizes=\"auto, (max-width: 375px) 100vw, 375px\" \/>\n\t\t\t\t\t\t\t\t\t\t\t\t\t<\/a>\n\t\t\t\t\t\t\t\t\t\t\t<\/div>\n\t\t\t\t\t\t\t\t\t\t\t\t\t\t\t<div class=\"wd-gallery-item wd-col\">\n\t\t\t\t\t\t\t\t\t\t\t\t\t<a  href=\"https:\/\/mbrothers.dz1.org\/wp-content\/uploads\/2021\/08\/lounge-chair-gallery-2.jpg\" data-width=\"860\" data-height=\"688\" data-index=\"2\" data-elementor-open-lightbox=\"no\">\n\t\t\t\t\t\t\n\t\t\t\t\t\t<img loading=\"lazy\" decoding=\"async\" width=\"375\" height=\"300\" src=\"https:\/\/mbrothers.dz1.org\/wp-content\/uploads\/2021\/08\/lounge-chair-gallery-2-375x300.jpg\" class=\"attachment-375x300 size-375x300\" alt=\"lounge-chair-gallery-2\" srcset=\"https:\/\/mbrothers.dz1.org\/wp-content\/uploads\/2021\/08\/lounge-chair-gallery-2-375x300.jpg 375w, https:\/\/mbrothers.dz1.org\/wp-content\/uploads\/2021\/08\/lounge-chair-gallery-2-430x344.jpg 430w, https:\/\/mbrothers.dz1.org\/wp-content\/uploads\/2021\/08\/lounge-chair-gallery-2-150x120.jpg 150w, https:\/\/mbrothers.dz1.org\/wp-content\/uploads\/2021\/08\/lounge-chair-gallery-2-700x560.jpg 700w, https:\/\/mbrothers.dz1.org\/wp-content\/uploads\/2021\/08\/lounge-chair-gallery-2.jpg 860w\" sizes=\"auto, (max-width: 375px) 100vw, 375px\" \/>\n\t\t\t\t\t\t\t\t\t\t\t\t\t<\/a>\n\t\t\t\t\t\t\t\t\t\t\t<\/div>\n\t\t\t\t\t\t\t\t\t\t\t\t\t\t\t<div class=\"wd-gallery-item wd-col\">\n\t\t\t\t\t\t\t\t\t\t\t\t\t<a  href=\"https:\/\/mbrothers.dz1.org\/wp-content\/uploads\/2021\/08\/lounge-chair-gallery-3.jpg\" data-width=\"860\" data-height=\"688\" data-index=\"3\" data-elementor-open-lightbox=\"no\">\n\t\t\t\t\t\t\n\t\t\t\t\t\t<img loading=\"lazy\" decoding=\"async\" width=\"375\" height=\"300\" src=\"https:\/\/mbrothers.dz1.org\/wp-content\/uploads\/2021\/08\/lounge-chair-gallery-3-375x300.jpg\" class=\"attachment-375x300 size-375x300\" alt=\"lounge-chair-gallery-3\" srcset=\"https:\/\/mbrothers.dz1.org\/wp-content\/uploads\/2021\/08\/lounge-chair-gallery-3-375x300.jpg 375w, https:\/\/mbrothers.dz1.org\/wp-content\/uploads\/2021\/08\/lounge-chair-gallery-3-430x344.jpg 430w, https:\/\/mbrothers.dz1.org\/wp-content\/uploads\/2021\/08\/lounge-chair-gallery-3-150x120.jpg 150w, https:\/\/mbrothers.dz1.org\/wp-content\/uploads\/2021\/08\/lounge-chair-gallery-3-700x560.jpg 700w, https:\/\/mbrothers.dz1.org\/wp-content\/uploads\/2021\/08\/lounge-chair-gallery-3.jpg 860w\" sizes=\"auto, (max-width: 375px) 100vw, 375px\" \/>\n\t\t\t\t\t\t\t\t\t\t\t\t\t<\/a>\n\t\t\t\t\t\t\t\t\t\t\t<\/div>\n\t\t\t\t\t\t\t\t\t\t\t\t\t\t\t<div class=\"wd-gallery-item wd-col\">\n\t\t\t\t\t\t\t\t\t\t\t\t\t<a  href=\"https:\/\/mbrothers.dz1.org\/wp-content\/uploads\/2021\/08\/lounge-chair-gallery-4.jpg\" data-width=\"860\" data-height=\"688\" data-index=\"4\" data-elementor-open-lightbox=\"no\">\n\t\t\t\t\t\t\n\t\t\t\t\t\t<img loading=\"lazy\" decoding=\"async\" width=\"375\" height=\"300\" src=\"https:\/\/mbrothers.dz1.org\/wp-content\/uploads\/2021\/08\/lounge-chair-gallery-4-375x300.jpg\" class=\"attachment-375x300 size-375x300\" alt=\"lounge-chair-gallery-4\" srcset=\"https:\/\/mbrothers.dz1.org\/wp-content\/uploads\/2021\/08\/lounge-chair-gallery-4-375x300.jpg 375w, https:\/\/mbrothers.dz1.org\/wp-content\/uploads\/2021\/08\/lounge-chair-gallery-4-430x344.jpg 430w, https:\/\/mbrothers.dz1.org\/wp-content\/uploads\/2021\/08\/lounge-chair-gallery-4-150x120.jpg 150w, https:\/\/mbrothers.dz1.org\/wp-content\/uploads\/2021\/08\/lounge-chair-gallery-4-700x560.jpg 700w, https:\/\/mbrothers.dz1.org\/wp-content\/uploads\/2021\/08\/lounge-chair-gallery-4.jpg 860w\" sizes=\"auto, (max-width: 375px) 100vw, 375px\" \/>\n\t\t\t\t\t\t\t\t\t\t\t\t\t<\/a>\n\t\t\t\t\t\t\t\t\t\t\t<\/div>\n\t\t\t\t\t\t\t\t\t\t\t\t\t<\/div>\n\t\t\t\t\t<\/div>\n\t\t\t\t\t\t<\/div>\n\t\t\t\t<\/div>\n\t\t\t\t<\/div>\n\t\t\t\t\t<\/div>\n\t\t\t\t<\/div>\n\t\t\t\t<\/div>\n\t\t","protected":false},"excerpt":{"rendered":"<p>Une Armoire Luxieuse du style classique avec assez d&rsquo;espace pour mettre toutes vos v\u00e9tements , avec trois tiroires pour mieux ranger les sous v\u00e9tements , chausssettes et bijoux .<\/p>\n<p>une petite pendrie pour ranger toutes les v\u00e9tements de la semaine et de les garder en perfect etat .<\/p>\n","protected":false},"featured_media":29088,"comment_status":"open","ping_status":"closed","template":"","meta":[],"product_brand":[76],"product_cat":[77],"product_tag":[78],"class_list":{"0":"post-29087","1":"product","2":"type-product","3":"status-publish","4":"has-post-thumbnail","6":"product_brand-mbrothers","7":"product_cat-armoires-3-portes","8":"product_tag-armoires","10":"first","11":"instock","12":"purchasable","13":"product-type-simple"},"_links":{"self":[{"href":"https:\/\/mbrothers.dz1.org\/index.php?rest_route=\/wp\/v2\/product\/29087","targetHints":{"allow":["GET"]}}],"collection":[{"href":"https:\/\/mbrothers.dz1.org\/index.php?rest_route=\/wp\/v2\/product"}],"about":[{"href":"https:\/\/mbrothers.dz1.org\/index.php?rest_route=\/wp\/v2\/types\/product"}],"replies":[{"embeddable":true,"href":"https:\/\/mbrothers.dz1.org\/index.php?rest_route=%2Fwp%2Fv2%2Fcomments&post=29087"}],"version-history":[{"count":1,"href":"https:\/\/mbrothers.dz1.org\/index.php?rest_route=\/wp\/v2\/product\/29087\/revisions"}],"predecessor-version":[{"id":29091,"href":"https:\/\/mbrothers.dz1.org\/index.php?rest_route=\/wp\/v2\/product\/29087\/revisions\/29091"}],"wp:featuredmedia":[{"embeddable":true,"href":"https:\/\/mbrothers.dz1.org\/index.php?rest_route=\/wp\/v2\/media\/29088"}],"wp:attachment":[{"href":"https:\/\/mbrothers.dz1.org\/index.php?rest_route=%2Fwp%2Fv2%2Fmedia&parent=29087"}],"wp:term":[{"taxonomy":"product_brand","embeddable":true,"href":"https:\/\/mbrothers.dz1.org\/index.php?rest_route=%2Fwp%2Fv2%2Fproduct_brand&post=29087"},{"taxonomy":"product_cat","embeddable":true,"href":"https:\/\/mbrothers.dz1.org\/index.php?rest_route=%2Fwp%2Fv2%2Fproduct_cat&post=29087"},{"taxonomy":"product_tag","embeddable":true,"href":"https:\/\/mbrothers.dz1.org\/index.php?rest_route=%2Fwp%2Fv2%2Fproduct_tag&post=29087"}],"curies":[{"name":"wp","href":"https:\/\/api.w.org\/{rel}","templated":true}]}}